{"id":4283,"date":"2020-04-16T01:55:51","date_gmt":"2020-04-15T22:55:51","guid":{"rendered":"https:\/\/www.ermistu.ee\/?page_id=4283"},"modified":"2024-01-19T19:01:34","modified_gmt":"2024-01-19T17:01:34","slug":"camping-rules","status":"publish","type":"page","link":"https:\/\/www.ermistu.ee\/en\/camping-rules\/","title":{"rendered":"Camping rules"},"content":{"rendered":"\t\t<div data-elementor-type=\"wp-post\" data-elementor-id=\"4283\" class=\"elementor elementor-4283 elementor-1078\" data-elementor-post-type=\"page\">\n\t\t\t\t\t\t<section class=\"th-parallax elementor-section elementor-top-section elementor-element elementor-element-2b3f7e65 elementor-section-full_width elementor-section-height-min-height elementor-section-height-default elementor-section-items-middle\" data-parallax=\"scroll\" data-image-src=\"https:\/\/www.ermistu.ee\/wp-content\/uploads\/2019\/03\/K\u00e4mping-nr-14-k\u00f6\u00f6k-1.jpg\" data-id=\"2b3f7e65\" data-element_type=\"section\" data-e-type=\"section\" data-settings=\"{&quot;background_background&quot;:&quot;classic&quot;}\">\n\t\t\t\t\t\t\t<div class=\"elementor-background-overlay\"><\/div>\n\t\t\t\t\t\t\t<div class=\"elementor-container elementor-column-gap-default\">\n\t\t\t\t\t<div class=\"elementor-column elementor-col-100 elementor-top-column elementor-element elementor-element-3aafdd82\" data-id=\"3aafdd82\" data-element_type=\"column\" data-e-type=\"column\">\n\t\t\t<div class=\"elementor-widget-wrap elementor-element-populated\">\n\t\t\t\t\t\t<div class=\"elementor-element elementor-element-fec3ce3 elementor-widget elementor-widget-heading\" data-id=\"fec3ce3\" data-element_type=\"widget\" data-e-type=\"widget\" data-widget_type=\"heading.default\">\n\t\t\t\t<div class=\"elementor-widget-container\">\n\t\t\t\t\t<h1 class=\"elementor-heading-title elementor-size-default\">House Rules<\/h1>\t\t\t\t<\/div>\n\t\t\t\t<\/div>\n\t\t\t\t\t<\/div>\n\t\t<\/div>\n\t\t\t\t\t<\/div>\n\t\t<\/section>\n\t\t\t\t<section class=\"elementor-section elementor-top-section elementor-element elementor-element-7c02f09 elementor-section-boxed elementor-section-height-default elementor-section-height-default\" data-id=\"7c02f09\" data-element_type=\"section\" data-e-type=\"section\">\n\t\t\t\t\t\t<div class=\"elementor-container elementor-column-gap-default\">\n\t\t\t\t\t<div class=\"elementor-column elementor-col-100 elementor-top-column elementor-element elementor-element-37afdca\" data-id=\"37afdca\" data-element_type=\"column\" data-e-type=\"column\">\n\t\t\t<div class=\"elementor-widget-wrap elementor-element-populated\">\n\t\t\t\t\t\t\t<\/div>\n\t\t<\/div>\n\t\t\t\t\t<\/div>\n\t\t<\/section>\n\t\t\t\t<section class=\"elementor-section elementor-top-section elementor-element elementor-element-395b500 elementor-section-boxed elementor-section-height-default elementor-section-height-default\" data-id=\"395b500\" data-element_type=\"section\" data-e-type=\"section\">\n\t\t\t\t\t\t<div class=\"elementor-container elementor-column-gap-default\">\n\t\t\t\t\t<div class=\"elementor-column elementor-col-100 elementor-top-column elementor-element elementor-element-cad71b8\" data-id=\"cad71b8\" data-element_type=\"column\" data-e-type=\"column\">\n\t\t\t<div class=\"elementor-widget-wrap elementor-element-populated\">\n\t\t\t\t\t\t<div class=\"elementor-element elementor-element-4398680 elementor-widget elementor-widget-image\" data-id=\"4398680\" data-element_type=\"widget\" data-e-type=\"widget\" data-widget_type=\"image.default\">\n\t\t\t\t<div class=\"elementor-widget-container\">\n\t\t\t\t\t\t\t\t\t\t\t\t\t\t\t<img fetchpriority=\"high\" decoding=\"async\" width=\"768\" height=\"1086\" src=\"https:\/\/www.ermistu.ee\/wp-content\/uploads\/2024\/01\/Ermistu-Holiday-Village-house-rules-1-768x1086.png\" class=\"attachment-medium_large size-medium_large wp-image-11373\" alt=\"\" srcset=\"https:\/\/www.ermistu.ee\/wp-content\/uploads\/2024\/01\/Ermistu-Holiday-Village-house-rules-1-768x1086.png 768w, https:\/\/www.ermistu.ee\/wp-content\/uploads\/2024\/01\/Ermistu-Holiday-Village-house-rules-1-212x300.png 212w, https:\/\/www.ermistu.ee\/wp-content\/uploads\/2024\/01\/Ermistu-Holiday-Village-house-rules-1-724x1024.png 724w, https:\/\/www.ermistu.ee\/wp-content\/uploads\/2024\/01\/Ermistu-Holiday-Village-house-rules-1-1086x1536.png 1086w, https:\/\/www.ermistu.ee\/wp-content\/uploads\/2024\/01\/Ermistu-Holiday-Village-house-rules-1-1448x2048.png 1448w, https:\/\/www.ermistu.ee\/wp-content\/uploads\/2024\/01\/Ermistu-Holiday-Village-house-rules-1-71x100.png 71w, https:\/\/www.ermistu.ee\/wp-content\/uploads\/2024\/01\/Ermistu-Holiday-Village-house-rules-1-57x80.png 57w, https:\/\/www.ermistu.ee\/wp-content\/uploads\/2024\/01\/Ermistu-Holiday-Village-house-rules-1-214x303.png 214w, https:\/\/www.ermistu.ee\/wp-content\/uploads\/2024\/01\/Ermistu-Holiday-Village-house-rules-1-495x700.png 495w, https:\/\/www.ermistu.ee\/wp-content\/uploads\/2024\/01\/Ermistu-Holiday-Village-house-rules-1-672x950.png 672w, https:\/\/www.ermistu.ee\/wp-content\/uploads\/2024\/01\/Ermistu-Holiday-Village-house-rules-1-764x1080.png 764w\" sizes=\"(max-width: 768px) 100vw, 768px\" \/>\t\t\t\t\t\t\t\t\t\t\t\t\t\t\t<\/div>\n\t\t\t\t<\/div>\n\t\t\t\t\t<\/div>\n\t\t<\/div>\n\t\t\t\t\t<\/div>\n\t\t<\/section>\n\t\t\t\t<section class=\"elementor-section elementor-top-section elementor-element elementor-element-fe6e76e elementor-section-boxed elementor-section-height-default elementor-section-height-default\" data-id=\"fe6e76e\" data-element_type=\"section\" data-e-type=\"section\">\n\t\t\t\t\t\t<div class=\"elementor-container elementor-column-gap-default\">\n\t\t\t\t\t<div class=\"elementor-column elementor-col-100 elementor-top-column elementor-element elementor-element-4d72a58\" data-id=\"4d72a58\" data-element_type=\"column\" data-e-type=\"column\">\n\t\t\t<div class=\"elementor-widget-wrap elementor-element-populated\">\n\t\t\t\t\t\t<div class=\"elementor-element elementor-element-20c9d8f elementor-widget elementor-widget-image\" data-id=\"20c9d8f\" data-element_type=\"widget\" data-e-type=\"widget\" data-widget_type=\"image.default\">\n\t\t\t\t<div class=\"elementor-widget-container\">\n\t\t\t\t\t\t\t\t\t\t\t\t\t\t\t<img decoding=\"async\" width=\"768\" height=\"1086\" src=\"https:\/\/www.ermistu.ee\/wp-content\/uploads\/2024\/01\/Ermistu-Holiday-Village-house-rules-2-768x1086.png\" class=\"attachment-medium_large size-medium_large wp-image-11376\" alt=\"\" srcset=\"https:\/\/www.ermistu.ee\/wp-content\/uploads\/2024\/01\/Ermistu-Holiday-Village-house-rules-2-768x1086.png 768w, https:\/\/www.ermistu.ee\/wp-content\/uploads\/2024\/01\/Ermistu-Holiday-Village-house-rules-2-212x300.png 212w, https:\/\/www.ermistu.ee\/wp-content\/uploads\/2024\/01\/Ermistu-Holiday-Village-house-rules-2-724x1024.png 724w, https:\/\/www.ermistu.ee\/wp-content\/uploads\/2024\/01\/Ermistu-Holiday-Village-house-rules-2-1086x1536.png 1086w, https:\/\/www.ermistu.ee\/wp-content\/uploads\/2024\/01\/Ermistu-Holiday-Village-house-rules-2-1448x2048.png 1448w, https:\/\/www.ermistu.ee\/wp-content\/uploads\/2024\/01\/Ermistu-Holiday-Village-house-rules-2-71x100.png 71w, https:\/\/www.ermistu.ee\/wp-content\/uploads\/2024\/01\/Ermistu-Holiday-Village-house-rules-2-57x80.png 57w, https:\/\/www.ermistu.ee\/wp-content\/uploads\/2024\/01\/Ermistu-Holiday-Village-house-rules-2-214x303.png 214w, https:\/\/www.ermistu.ee\/wp-content\/uploads\/2024\/01\/Ermistu-Holiday-Village-house-rules-2-495x700.png 495w, https:\/\/www.ermistu.ee\/wp-content\/uploads\/2024\/01\/Ermistu-Holiday-Village-house-rules-2-672x950.png 672w, https:\/\/www.ermistu.ee\/wp-content\/uploads\/2024\/01\/Ermistu-Holiday-Village-house-rules-2-764x1080.png 764w\" sizes=\"(max-width: 768px) 100vw, 768px\" \/>\t\t\t\t\t\t\t\t\t\t\t\t\t\t\t<\/div>\n\t\t\t\t<\/div>\n\t\t\t\t\t<\/div>\n\t\t<\/div>\n\t\t\t\t\t<\/div>\n\t\t<\/section>\n\t\t\t\t<section class=\"elementor-section elementor-top-section elementor-element elementor-element-e099531 elementor-section-boxed elementor-section-height-default elementor-section-height-default\" data-id=\"e099531\" data-element_type=\"section\" data-e-type=\"section\">\n\t\t\t\t\t\t<div class=\"elementor-container elementor-column-gap-default\">\n\t\t\t\t\t<div class=\"elementor-column elementor-col-100 elementor-top-column elementor-element elementor-element-d582bb0\" data-id=\"d582bb0\" data-element_type=\"column\" data-e-type=\"column\">\n\t\t\t<div class=\"elementor-widget-wrap elementor-element-populated\">\n\t\t\t\t\t\t<div class=\"elementor-element elementor-element-38f1157 elementor-widget elementor-widget-image\" data-id=\"38f1157\" data-element_type=\"widget\" data-e-type=\"widget\" data-widget_type=\"image.default\">\n\t\t\t\t<div class=\"elementor-widget-container\">\n\t\t\t\t\t\t\t\t\t\t\t\t\t\t\t<img decoding=\"async\" width=\"768\" height=\"1086\" src=\"https:\/\/www.ermistu.ee\/wp-content\/uploads\/2024\/01\/Ermistu-Holiday-Village-house-rules-3-768x1086.png\" class=\"attachment-medium_large size-medium_large wp-image-11379\" alt=\"\" srcset=\"https:\/\/www.ermistu.ee\/wp-content\/uploads\/2024\/01\/Ermistu-Holiday-Village-house-rules-3-768x1086.png 768w, https:\/\/www.ermistu.ee\/wp-content\/uploads\/2024\/01\/Ermistu-Holiday-Village-house-rules-3-212x300.png 212w, https:\/\/www.ermistu.ee\/wp-content\/uploads\/2024\/01\/Ermistu-Holiday-Village-house-rules-3-724x1024.png 724w, https:\/\/www.ermistu.ee\/wp-content\/uploads\/2024\/01\/Ermistu-Holiday-Village-house-rules-3-1086x1536.png 1086w, https:\/\/www.ermistu.ee\/wp-content\/uploads\/2024\/01\/Ermistu-Holiday-Village-house-rules-3-1448x2048.png 1448w, https:\/\/www.ermistu.ee\/wp-content\/uploads\/2024\/01\/Ermistu-Holiday-Village-house-rules-3-71x100.png 71w, https:\/\/www.ermistu.ee\/wp-content\/uploads\/2024\/01\/Ermistu-Holiday-Village-house-rules-3-57x80.png 57w, https:\/\/www.ermistu.ee\/wp-content\/uploads\/2024\/01\/Ermistu-Holiday-Village-house-rules-3-214x303.png 214w, https:\/\/www.ermistu.ee\/wp-content\/uploads\/2024\/01\/Ermistu-Holiday-Village-house-rules-3-495x700.png 495w, https:\/\/www.ermistu.ee\/wp-content\/uploads\/2024\/01\/Ermistu-Holiday-Village-house-rules-3-672x950.png 672w, https:\/\/www.ermistu.ee\/wp-content\/uploads\/2024\/01\/Ermistu-Holiday-Village-house-rules-3-764x1080.png 764w\" sizes=\"(max-width: 768px) 100vw, 768px\" \/>\t\t\t\t\t\t\t\t\t\t\t\t\t\t\t<\/div>\n\t\t\t\t<\/div>\n\t\t\t\t\t<\/div>\n\t\t<\/div>\n\t\t\t\t\t<\/div>\n\t\t<\/section>\n\t\t\t\t<section class=\"elementor-section elementor-top-section elementor-element elementor-element-f67cc1d elementor-section-boxed elementor-section-height-default elementor-section-height-default\" data-id=\"f67cc1d\" data-element_type=\"section\" data-e-type=\"section\">\n\t\t\t\t\t\t<div class=\"elementor-container elementor-column-gap-default\">\n\t\t\t\t\t<div class=\"elementor-column elementor-col-100 elementor-top-column elementor-element elementor-element-09064bf\" data-id=\"09064bf\" data-element_type=\"column\" data-e-type=\"column\">\n\t\t\t<div class=\"elementor-widget-wrap elementor-element-populated\">\n\t\t\t\t\t\t<div class=\"elementor-element elementor-element-54afae3 elementor-arrows-position-inside elementor-widget elementor-widget-image-carousel\" data-id=\"54afae3\" data-element_type=\"widget\" data-e-type=\"widget\" data-settings=\"{&quot;slides_to_show&quot;:&quot;3&quot;,&quot;navigation&quot;:&quot;arrows&quot;,&quot;autoplay&quot;:&quot;yes&quot;,&quot;pause_on_hover&quot;:&quot;yes&quot;,&quot;pause_on_interaction&quot;:&quot;yes&quot;,&quot;autoplay_speed&quot;:5000,&quot;infinite&quot;:&quot;yes&quot;,&quot;speed&quot;:500}\" data-widget_type=\"image-carousel.default\">\n\t\t\t\t<div class=\"elementor-widget-container\">\n\t\t\t\t\t\t\t<div class=\"elementor-image-carousel-wrapper swiper\" role=\"region\" aria-roledescription=\"carousel\" aria-label=\"Image Carousel\" dir=\"ltr\">\n\t\t\t<div class=\"elementor-image-carousel swiper-wrapper\" aria-live=\"off\">\n\t\t\t\t\t\t\t\t<div class=\"swiper-slide\" role=\"group\" aria-roledescription=\"slide\" aria-label=\"1 of 13\"><figure class=\"swiper-slide-inner\"><img decoding=\"async\" class=\"swiper-slide-image\" src=\"https:\/\/www.ermistu.ee\/wp-content\/uploads\/2023\/03\/paikeseterrass-visit-estonia-scaled.jpg\" alt=\"p\u00e4ikeseterrass-visit-estonia\" \/><\/figure><\/div><div class=\"swiper-slide\" role=\"group\" aria-roledescription=\"slide\" aria-label=\"2 of 13\"><figure class=\"swiper-slide-inner\"><img decoding=\"async\" class=\"swiper-slide-image\" src=\"https:\/\/www.ermistu.ee\/wp-content\/uploads\/2023\/03\/Pulm-5-scaled.jpg\" alt=\"\" \/><\/figure><\/div><div class=\"swiper-slide\" role=\"group\" aria-roledescription=\"slide\" aria-label=\"3 of 13\"><figure class=\"swiper-slide-inner\"><img decoding=\"async\" class=\"swiper-slide-image\" src=\"https:\/\/www.ermistu.ee\/wp-content\/uploads\/2023\/03\/manguvaljak.jpeg\" alt=\"m\u00e4nguv\u00e4ljak\" \/><\/figure><\/div><div class=\"swiper-slide\" role=\"group\" aria-roledescription=\"slide\" aria-label=\"4 of 13\"><figure class=\"swiper-slide-inner\"><img decoding=\"async\" class=\"swiper-slide-image\" src=\"https:\/\/www.ermistu.ee\/wp-content\/uploads\/2023\/03\/66-scaled.jpg\" alt=\"66\" \/><\/figure><\/div><div class=\"swiper-slide\" role=\"group\" aria-roledescription=\"slide\" aria-label=\"5 of 13\"><figure class=\"swiper-slide-inner\"><img decoding=\"async\" class=\"swiper-slide-image\" src=\"https:\/\/www.ermistu.ee\/wp-content\/uploads\/2023\/03\/parv-ermistu2-visit-estonia-scaled.jpg\" alt=\"parv-ermistu2-visit-estonia\" \/><\/figure><\/div><div class=\"swiper-slide\" role=\"group\" aria-roledescription=\"slide\" aria-label=\"6 of 13\"><figure class=\"swiper-slide-inner\"><img decoding=\"async\" class=\"swiper-slide-image\" src=\"https:\/\/www.ermistu.ee\/wp-content\/uploads\/2023\/03\/82-scaled.jpg\" alt=\"82\" \/><\/figure><\/div><div class=\"swiper-slide\" role=\"group\" aria-roledescription=\"slide\" aria-label=\"7 of 13\"><figure class=\"swiper-slide-inner\"><img decoding=\"async\" class=\"swiper-slide-image\" src=\"https:\/\/www.ermistu.ee\/wp-content\/uploads\/2023\/03\/55-scaled.jpg\" alt=\"55\" \/><\/figure><\/div><div class=\"swiper-slide\" role=\"group\" aria-roledescription=\"slide\" aria-label=\"8 of 13\"><figure class=\"swiper-slide-inner\"><img decoding=\"async\" class=\"swiper-slide-image\" src=\"https:\/\/www.ermistu.ee\/wp-content\/uploads\/2023\/03\/40-scaled.jpg\" alt=\"40\" \/><\/figure><\/div><div class=\"swiper-slide\" role=\"group\" aria-roledescription=\"slide\" aria-label=\"9 of 13\"><figure class=\"swiper-slide-inner\"><img decoding=\"async\" class=\"swiper-slide-image\" src=\"https:\/\/www.ermistu.ee\/wp-content\/uploads\/2023\/03\/37_1-scaled.jpg\" alt=\"37_1\" \/><\/figure><\/div><div class=\"swiper-slide\" role=\"group\" aria-roledescription=\"slide\" aria-label=\"10 of 13\"><figure class=\"swiper-slide-inner\"><img decoding=\"async\" class=\"swiper-slide-image\" src=\"https:\/\/www.ermistu.ee\/wp-content\/uploads\/2023\/03\/17-scaled.jpg\" alt=\"17\" \/><\/figure><\/div><div class=\"swiper-slide\" role=\"group\" aria-roledescription=\"slide\" aria-label=\"11 of 13\"><figure class=\"swiper-slide-inner\"><img decoding=\"async\" class=\"swiper-slide-image\" src=\"https:\/\/www.ermistu.ee\/wp-content\/uploads\/2023\/03\/14-scaled.jpg\" alt=\"14\" \/><\/figure><\/div><div class=\"swiper-slide\" role=\"group\" aria-roledescription=\"slide\" aria-label=\"12 of 13\"><figure class=\"swiper-slide-inner\"><img decoding=\"async\" class=\"swiper-slide-image\" src=\"https:\/\/www.ermistu.ee\/wp-content\/uploads\/2023\/03\/10-scaled.jpg\" alt=\"10\" \/><\/figure><\/div><div class=\"swiper-slide\" role=\"group\" aria-roledescription=\"slide\" aria-label=\"13 of 13\"><figure class=\"swiper-slide-inner\"><img decoding=\"async\" class=\"swiper-slide-image\" src=\"https:\/\/www.ermistu.ee\/wp-content\/uploads\/2023\/03\/5-scaled.jpg\" alt=\"5\" \/><\/figure><\/div>\t\t\t<\/div>\n\t\t\t\t\t\t\t\t\t\t\t\t<div class=\"elementor-swiper-button elementor-swiper-button-prev\" role=\"button\" tabindex=\"0\">\n\t\t\t\t\t\t<i aria-hidden=\"true\" class=\"eicon-chevron-left\"><\/i>\t\t\t\t\t<\/div>\n\t\t\t\t\t<div class=\"elementor-swiper-button elementor-swiper-button-next\" role=\"button\" tabindex=\"0\">\n\t\t\t\t\t\t<i aria-hidden=\"true\" class=\"eicon-chevron-right\"><\/i>\t\t\t\t\t<\/div>\n\t\t\t\t\n\t\t\t\t\t\t\t\t\t<\/div>\n\t\t\t\t\t\t<\/div>\n\t\t\t\t<\/div>\n\t\t\t\t\t<\/div>\n\t\t<\/div>\n\t\t\t\t\t<\/div>\n\t\t<\/section>\n\t\t\t\t<section class=\"elementor-section elementor-top-section elementor-element elementor-element-2a98f3b elementor-section-boxed elementor-section-height-default elementor-section-height-default\" data-id=\"2a98f3b\" data-element_type=\"section\" data-e-type=\"section\">\n\t\t\t\t\t\t<div class=\"elementor-container elementor-column-gap-default\">\n\t\t\t\t\t<div class=\"elementor-column elementor-col-100 elementor-top-column elementor-element elementor-element-deabaf8\" data-id=\"deabaf8\" data-element_type=\"column\" data-e-type=\"column\">\n\t\t\t<div class=\"elementor-widget-wrap elementor-element-populated\">\n\t\t\t\t\t\t\t<\/div>\n\t\t<\/div>\n\t\t\t\t\t<\/div>\n\t\t<\/section>\n\t\t\t\t<\/div>\n\t\t","protected":false},"excerpt":{"rendered":"<p>House Rules<\/p>\n","protected":false},"author":3,"featured_media":0,"parent":0,"menu_order":3,"comment_status":"closed","ping_status":"closed","template":"","meta":{"footnotes":""},"class_list":["post-4283","page","type-page","status-publish","hentry"],"yoast_head":"<!-- This site is optimized with the Yoast SEO plugin v27.3 - https:\/\/yoast.com\/product\/yoast-seo-wordpress\/ -->\n<title>Camping rules | Ermistu Puhkek\u00fcla<\/title>\n<meta name=\"robots\" content=\"index, follow, max-snippet:-1, max-image-preview:large, max-video-preview:-1\" \/>\n<link rel=\"canonical\" href=\"https:\/\/www.ermistu.ee\/en\/camping-rules\/\" \/>\n<meta property=\"og:locale\" content=\"en_US\" \/>\n<meta property=\"og:type\" content=\"article\" \/>\n<meta property=\"og:title\" content=\"Camping rules | Ermistu Puhkek\u00fcla\" \/>\n<meta property=\"og:description\" content=\"House Rules\" \/>\n<meta property=\"og:url\" content=\"https:\/\/www.ermistu.ee\/en\/camping-rules\/\" \/>\n<meta property=\"og:site_name\" content=\"Ermistu Puhkek\u00fcla\" \/>\n<meta property=\"article:publisher\" content=\"https:\/\/www.facebook.com\/Ermistu\" \/>\n<meta property=\"article:modified_time\" content=\"2024-01-19T17:01:34+00:00\" \/>\n<meta property=\"og:image\" content=\"https:\/\/www.ermistu.ee\/wp-content\/uploads\/2024\/01\/Ermistu-Holiday-Village-house-rules-1-768x1086.png\" \/>\n<meta name=\"twitter:card\" content=\"summary_large_image\" \/>\n<meta name=\"twitter:label1\" content=\"Est. reading time\" \/>\n\t<meta name=\"twitter:data1\" content=\"5 minutes\" \/>\n<script type=\"application\/ld+json\" class=\"yoast-schema-graph\">{\"@context\":\"https:\\\/\\\/schema.org\",\"@graph\":[{\"@type\":\"WebPage\",\"@id\":\"https:\\\/\\\/www.ermistu.ee\\\/en\\\/camping-rules\\\/\",\"url\":\"https:\\\/\\\/www.ermistu.ee\\\/en\\\/camping-rules\\\/\",\"name\":\"Camping rules | Ermistu Puhkek\u00fcla\",\"isPartOf\":{\"@id\":\"https:\\\/\\\/www.ermistu.ee\\\/en\\\/#website\"},\"primaryImageOfPage\":{\"@id\":\"https:\\\/\\\/www.ermistu.ee\\\/en\\\/camping-rules\\\/#primaryimage\"},\"image\":{\"@id\":\"https:\\\/\\\/www.ermistu.ee\\\/en\\\/camping-rules\\\/#primaryimage\"},\"thumbnailUrl\":\"https:\\\/\\\/www.ermistu.ee\\\/wp-content\\\/uploads\\\/2024\\\/01\\\/Ermistu-Holiday-Village-house-rules-1-768x1086.png\",\"datePublished\":\"2020-04-15T22:55:51+00:00\",\"dateModified\":\"2024-01-19T17:01:34+00:00\",\"breadcrumb\":{\"@id\":\"https:\\\/\\\/www.ermistu.ee\\\/en\\\/camping-rules\\\/#breadcrumb\"},\"inLanguage\":\"en-US\",\"potentialAction\":[{\"@type\":\"ReadAction\",\"target\":[\"https:\\\/\\\/www.ermistu.ee\\\/en\\\/camping-rules\\\/\"]}]},{\"@type\":\"ImageObject\",\"inLanguage\":\"en-US\",\"@id\":\"https:\\\/\\\/www.ermistu.ee\\\/en\\\/camping-rules\\\/#primaryimage\",\"url\":\"https:\\\/\\\/www.ermistu.ee\\\/wp-content\\\/uploads\\\/2024\\\/01\\\/Ermistu-Holiday-Village-house-rules-1-768x1086.png\",\"contentUrl\":\"https:\\\/\\\/www.ermistu.ee\\\/wp-content\\\/uploads\\\/2024\\\/01\\\/Ermistu-Holiday-Village-house-rules-1-768x1086.png\"},{\"@type\":\"BreadcrumbList\",\"@id\":\"https:\\\/\\\/www.ermistu.ee\\\/en\\\/camping-rules\\\/#breadcrumb\",\"itemListElement\":[{\"@type\":\"ListItem\",\"position\":1,\"name\":\"Home\",\"item\":\"https:\\\/\\\/www.ermistu.ee\\\/en\\\/\"},{\"@type\":\"ListItem\",\"position\":2,\"name\":\"Camping rules\"}]},{\"@type\":\"WebSite\",\"@id\":\"https:\\\/\\\/www.ermistu.ee\\\/en\\\/#website\",\"url\":\"https:\\\/\\\/www.ermistu.ee\\\/en\\\/\",\"name\":\"Ermistu Puhkek\u00fcla\",\"description\":\"Relax by getting close to nature!\",\"publisher\":{\"@id\":\"https:\\\/\\\/www.ermistu.ee\\\/en\\\/#organization\"},\"potentialAction\":[{\"@type\":\"SearchAction\",\"target\":{\"@type\":\"EntryPoint\",\"urlTemplate\":\"https:\\\/\\\/www.ermistu.ee\\\/en\\\/?s={search_term_string}\"},\"query-input\":{\"@type\":\"PropertyValueSpecification\",\"valueRequired\":true,\"valueName\":\"search_term_string\"}}],\"inLanguage\":\"en-US\"},{\"@type\":\"Organization\",\"@id\":\"https:\\\/\\\/www.ermistu.ee\\\/en\\\/#organization\",\"name\":\"Ermistu Puhkek\u00fcla\",\"url\":\"https:\\\/\\\/www.ermistu.ee\\\/en\\\/\",\"logo\":{\"@type\":\"ImageObject\",\"inLanguage\":\"en-US\",\"@id\":\"https:\\\/\\\/www.ermistu.ee\\\/en\\\/#\\\/schema\\\/logo\\\/image\\\/\",\"url\":\"https:\\\/\\\/www.ermistu.ee\\\/wp-content\\\/uploads\\\/2019\\\/04\\\/Ermistu-logo.valge_.png\",\"contentUrl\":\"https:\\\/\\\/www.ermistu.ee\\\/wp-content\\\/uploads\\\/2019\\\/04\\\/Ermistu-logo.valge_.png\",\"width\":146,\"height\":81,\"caption\":\"Ermistu Puhkek\u00fcla\"},\"image\":{\"@id\":\"https:\\\/\\\/www.ermistu.ee\\\/en\\\/#\\\/schema\\\/logo\\\/image\\\/\"},\"sameAs\":[\"https:\\\/\\\/www.facebook.com\\\/Ermistu\",\"https:\\\/\\\/www.instagram.com\\\/ermistupuhkekula\"]}]}<\/script>\n<!-- \/ Yoast SEO plugin. -->","yoast_head_json":{"title":"Camping rules | Ermistu Puhkek\u00fcla","robots":{"index":"index","follow":"follow","max-snippet":"max-snippet:-1","max-image-preview":"max-image-preview:large","max-video-preview":"max-video-preview:-1"},"canonical":"https:\/\/www.ermistu.ee\/en\/camping-rules\/","og_locale":"en_US","og_type":"article","og_title":"Camping rules | Ermistu Puhkek\u00fcla","og_description":"House Rules","og_url":"https:\/\/www.ermistu.ee\/en\/camping-rules\/","og_site_name":"Ermistu Puhkek\u00fcla","article_publisher":"https:\/\/www.facebook.com\/Ermistu","article_modified_time":"2024-01-19T17:01:34+00:00","og_image":[{"url":"https:\/\/www.ermistu.ee\/wp-content\/uploads\/2024\/01\/Ermistu-Holiday-Village-house-rules-1-768x1086.png","type":"","width":"","height":""}],"twitter_card":"summary_large_image","twitter_misc":{"Est. reading time":"5 minutes"},"schema":{"@context":"https:\/\/schema.org","@graph":[{"@type":"WebPage","@id":"https:\/\/www.ermistu.ee\/en\/camping-rules\/","url":"https:\/\/www.ermistu.ee\/en\/camping-rules\/","name":"Camping rules | Ermistu Puhkek\u00fcla","isPartOf":{"@id":"https:\/\/www.ermistu.ee\/en\/#website"},"primaryImageOfPage":{"@id":"https:\/\/www.ermistu.ee\/en\/camping-rules\/#primaryimage"},"image":{"@id":"https:\/\/www.ermistu.ee\/en\/camping-rules\/#primaryimage"},"thumbnailUrl":"https:\/\/www.ermistu.ee\/wp-content\/uploads\/2024\/01\/Ermistu-Holiday-Village-house-rules-1-768x1086.png","datePublished":"2020-04-15T22:55:51+00:00","dateModified":"2024-01-19T17:01:34+00:00","breadcrumb":{"@id":"https:\/\/www.ermistu.ee\/en\/camping-rules\/#breadcrumb"},"inLanguage":"en-US","potentialAction":[{"@type":"ReadAction","target":["https:\/\/www.ermistu.ee\/en\/camping-rules\/"]}]},{"@type":"ImageObject","inLanguage":"en-US","@id":"https:\/\/www.ermistu.ee\/en\/camping-rules\/#primaryimage","url":"https:\/\/www.ermistu.ee\/wp-content\/uploads\/2024\/01\/Ermistu-Holiday-Village-house-rules-1-768x1086.png","contentUrl":"https:\/\/www.ermistu.ee\/wp-content\/uploads\/2024\/01\/Ermistu-Holiday-Village-house-rules-1-768x1086.png"},{"@type":"BreadcrumbList","@id":"https:\/\/www.ermistu.ee\/en\/camping-rules\/#breadcrumb","itemListElement":[{"@type":"ListItem","position":1,"name":"Home","item":"https:\/\/www.ermistu.ee\/en\/"},{"@type":"ListItem","position":2,"name":"Camping rules"}]},{"@type":"WebSite","@id":"https:\/\/www.ermistu.ee\/en\/#website","url":"https:\/\/www.ermistu.ee\/en\/","name":"Ermistu Puhkek\u00fcla","description":"Relax by getting close to nature!","publisher":{"@id":"https:\/\/www.ermistu.ee\/en\/#organization"},"potentialAction":[{"@type":"SearchAction","target":{"@type":"EntryPoint","urlTemplate":"https:\/\/www.ermistu.ee\/en\/?s={search_term_string}"},"query-input":{"@type":"PropertyValueSpecification","valueRequired":true,"valueName":"search_term_string"}}],"inLanguage":"en-US"},{"@type":"Organization","@id":"https:\/\/www.ermistu.ee\/en\/#organization","name":"Ermistu Puhkek\u00fcla","url":"https:\/\/www.ermistu.ee\/en\/","logo":{"@type":"ImageObject","inLanguage":"en-US","@id":"https:\/\/www.ermistu.ee\/en\/#\/schema\/logo\/image\/","url":"https:\/\/www.ermistu.ee\/wp-content\/uploads\/2019\/04\/Ermistu-logo.valge_.png","contentUrl":"https:\/\/www.ermistu.ee\/wp-content\/uploads\/2019\/04\/Ermistu-logo.valge_.png","width":146,"height":81,"caption":"Ermistu Puhkek\u00fcla"},"image":{"@id":"https:\/\/www.ermistu.ee\/en\/#\/schema\/logo\/image\/"},"sameAs":["https:\/\/www.facebook.com\/Ermistu","https:\/\/www.instagram.com\/ermistupuhkekula"]}]}},"_links":{"self":[{"href":"https:\/\/www.ermistu.ee\/en\/wp-json\/wp\/v2\/pages\/4283","targetHints":{"allow":["GET"]}}],"collection":[{"href":"https:\/\/www.ermistu.ee\/en\/wp-json\/wp\/v2\/pages"}],"about":[{"href":"https:\/\/www.ermistu.ee\/en\/wp-json\/wp\/v2\/types\/page"}],"author":[{"embeddable":true,"href":"https:\/\/www.ermistu.ee\/en\/wp-json\/wp\/v2\/users\/3"}],"replies":[{"embeddable":true,"href":"https:\/\/www.ermistu.ee\/en\/wp-json\/wp\/v2\/comments?post=4283"}],"version-history":[{"count":5,"href":"https:\/\/www.ermistu.ee\/en\/wp-json\/wp\/v2\/pages\/4283\/revisions"}],"predecessor-version":[{"id":11401,"href":"https:\/\/www.ermistu.ee\/en\/wp-json\/wp\/v2\/pages\/4283\/revisions\/11401"}],"wp:attachment":[{"href":"https:\/\/www.ermistu.ee\/en\/wp-json\/wp\/v2\/media?parent=4283"}],"curies":[{"name":"wp","href":"https:\/\/api.w.org\/{rel}","templated":true}]}}